{"id":534,"date":"2024-08-09T10:19:10","date_gmt":"2024-08-09T10:19:10","guid":{"rendered":"https:\/\/ateliertushu.fr\/accueil\/"},"modified":"2026-04-15T07:58:08","modified_gmt":"2026-04-15T07:58:08","slug":"accueil","status":"publish","type":"page","link":"https:\/\/ateliertushu.fr\/fr\/","title":{"rendered":"Accueil"},"content":{"rendered":"\n<p class=\"is-style-text-display has-xx-large-font-size is-style-text-display--1\">Bienvenue et welcome \u00e0 <strong>atelier tushu<\/strong>, la maison des choses cr\u00e9\u00e9es par Peter Shoemaker \u00e0 partir de terre, d\u2019air, de feu et d\u2019eau \u2014 ce qui, si l\u2019on en croit les pr\u00e9socratiques, couvre \u00e0 peu pr\u00e8s tout.<\/p>\n\n<p class=\"is-style-default has-x-large-font-size\">Aux c\u00f4t\u00e9s de vases, bols et autres formes \u00e9l\u00e9mentaires, l\u2019atelier m\u00e8ne des investigations au long cours sur la mani\u00e8re dont les objets, les r\u00e9cits et les archives fa\u00e7onnent \u2014 et d\u00e9stabilisent \u2014 notre perception du pass\u00e9 et du futur.<\/p>\n\n<hr class=\"wp-block-separator has-alpha-channel-opacity\"\/>\n\n<figure class=\"wp-block-gallery has-nested-images columns-default is-cropped wp-block-gallery-2 is-layout-flex wp-block-gallery-is-layout-flex\">\n<figure class=\"wp-block-image size-full\"><img loading=\"lazy\" decoding=\"async\" width=\"480\" height=\"640\" data-id=\"267\" src=\"https:\/\/ateliertushu.fr\/wp-content\/uploads\/2025\/08\/IMG_1964.jpeg\" alt=\"\" class=\"wp-image-267\" srcset=\"https:\/\/ateliertushu.fr\/wp-content\/uploads\/2025\/08\/IMG_1964.jpeg 480w, https:\/\/ateliertushu.fr\/wp-content\/uploads\/2025\/08\/IMG_1964-225x300.jpeg 225w\" sizes=\"auto, (max-width: 480px) 100vw, 480px\" \/><figcaption class=\"wp-element-caption\">Chronolith (d\u00e9tail). 2025.<\/figcaption><\/figure>\n\n\n\n<figure class=\"wp-block-image size-large is-style-default\"><img loading=\"lazy\" decoding=\"async\" width=\"768\" height=\"1024\" data-id=\"241\" src=\"https:\/\/ateliertushu.fr\/wp-content\/uploads\/2025\/03\/IMG_1510-scaled-1-768x1024.jpeg\" alt=\"\" class=\"wp-image-241\" srcset=\"https:\/\/ateliertushu.fr\/wp-content\/uploads\/2025\/03\/IMG_1510-scaled-1-768x1024.jpeg 768w, https:\/\/ateliertushu.fr\/wp-content\/uploads\/2025\/03\/IMG_1510-scaled-1-225x300.jpeg 225w, https:\/\/ateliertushu.fr\/wp-content\/uploads\/2025\/03\/IMG_1510-scaled-1-1152x1536.jpeg 1152w, https:\/\/ateliertushu.fr\/wp-content\/uploads\/2025\/03\/IMG_1510-scaled-1-1536x2048.jpeg 1536w, https:\/\/ateliertushu.fr\/wp-content\/uploads\/2025\/03\/IMG_1510-scaled-1.jpeg 1920w\" sizes=\"auto, (max-width: 768px) 100vw, 768px\" \/><figcaption class=\"wp-element-caption\">Traces (d\u00e9tail). 2025.<\/figcaption><\/figure>\n\n\n\n<figure class=\"wp-block-image size-large\"><img loading=\"lazy\" decoding=\"async\" width=\"768\" height=\"1024\" data-id=\"200\" src=\"https:\/\/ateliertushu.fr\/wp-content\/uploads\/2024\/10\/IMG_1137-scaled-1-768x1024.jpeg\" alt=\"\" class=\"wp-image-200\" srcset=\"https:\/\/ateliertushu.fr\/wp-content\/uploads\/2024\/10\/IMG_1137-scaled-1-768x1024.jpeg 768w, https:\/\/ateliertushu.fr\/wp-content\/uploads\/2024\/10\/IMG_1137-scaled-1-225x300.jpeg 225w, https:\/\/ateliertushu.fr\/wp-content\/uploads\/2024\/10\/IMG_1137-scaled-1-1152x1536.jpeg 1152w, https:\/\/ateliertushu.fr\/wp-content\/uploads\/2024\/10\/IMG_1137-scaled-1-1536x2048.jpeg 1536w, https:\/\/ateliertushu.fr\/wp-content\/uploads\/2024\/10\/IMG_1137-scaled-1.jpeg 1920w\" sizes=\"auto, (max-width: 768px) 100vw, 768px\" \/><figcaption class=\"wp-element-caption\">Icarus 2 (2024) 39 x 25,5 cm.<\/figcaption><\/figure>\n\n\n\n<figure class=\"wp-block-image size-large\"><img loading=\"lazy\" decoding=\"async\" width=\"768\" height=\"1024\" data-id=\"166\" src=\"https:\/\/ateliertushu.fr\/wp-content\/uploads\/2024\/09\/IMG_0977-scaled-1-768x1024.jpeg\" alt=\"\" class=\"wp-image-166\" srcset=\"https:\/\/ateliertushu.fr\/wp-content\/uploads\/2024\/09\/IMG_0977-scaled-1-768x1024.jpeg 768w, https:\/\/ateliertushu.fr\/wp-content\/uploads\/2024\/09\/IMG_0977-scaled-1-225x300.jpeg 225w, https:\/\/ateliertushu.fr\/wp-content\/uploads\/2024\/09\/IMG_0977-scaled-1-1152x1536.jpeg 1152w, https:\/\/ateliertushu.fr\/wp-content\/uploads\/2024\/09\/IMG_0977-scaled-1-1536x2048.jpeg 1536w, https:\/\/ateliertushu.fr\/wp-content\/uploads\/2024\/09\/IMG_0977-scaled-1.jpeg 1920w\" sizes=\"auto, (max-width: 768px) 100vw, 768px\" \/><figcaption class=\"wp-element-caption\">R\u00eaves marins. 2024.<\/figcaption><\/figure>\n\n\n\n<figure class=\"wp-block-image size-large\"><img loading=\"lazy\" decoding=\"async\" width=\"768\" height=\"1024\" data-id=\"117\" src=\"https:\/\/ateliertushu.fr\/wp-content\/uploads\/2024\/08\/latempetearrive-scaled-1-768x1024.jpg\" alt=\"\" class=\"wp-image-117\" srcset=\"https:\/\/ateliertushu.fr\/wp-content\/uploads\/2024\/08\/latempetearrive-scaled-1-768x1024.jpg 768w, https:\/\/ateliertushu.fr\/wp-content\/uploads\/2024\/08\/latempetearrive-scaled-1-225x300.jpg 225w, https:\/\/ateliertushu.fr\/wp-content\/uploads\/2024\/08\/latempetearrive-scaled-1-1152x1536.jpg 1152w, https:\/\/ateliertushu.fr\/wp-content\/uploads\/2024\/08\/latempetearrive-scaled-1-1536x2048.jpg 1536w, https:\/\/ateliertushu.fr\/wp-content\/uploads\/2024\/08\/latempetearrive-scaled-1.jpg 1920w\" sizes=\"auto, (max-width: 768px) 100vw, 768px\" \/><figcaption class=\"wp-element-caption\">La Temp\u00eate Arrive. 2024.<\/figcaption><\/figure>\n\n\n\n<figure class=\"wp-block-image size-large\"><img loading=\"lazy\" decoding=\"async\" width=\"952\" height=\"1000\" data-id=\"477\" src=\"https:\/\/ateliertushu.fr\/wp-content\/uploads\/2025\/11\/Peablossom.jpg\" alt=\"\" class=\"wp-image-477\" srcset=\"https:\/\/ateliertushu.fr\/wp-content\/uploads\/2025\/11\/Peablossom.jpg 952w, https:\/\/ateliertushu.fr\/wp-content\/uploads\/2025\/11\/Peablossom-286x300.jpg 286w, https:\/\/ateliertushu.fr\/wp-content\/uploads\/2025\/11\/Peablossom-768x807.jpg 768w\" sizes=\"auto, (max-width: 952px) 100vw, 952px\" \/><figcaption class=\"wp-element-caption\">Vase \u00ab pea blossom \u00bb. Gr\u00e8s.  2023.<\/figcaption><\/figure>\n\n\n\n<figure class=\"wp-block-image size-large\"><img loading=\"lazy\" decoding=\"async\" width=\"967\" height=\"1000\" data-id=\"476\" src=\"https:\/\/ateliertushu.fr\/wp-content\/uploads\/2025\/11\/rests.jpg\" alt=\"\" class=\"wp-image-476\" srcset=\"https:\/\/ateliertushu.fr\/wp-content\/uploads\/2025\/11\/rests.jpg 967w, https:\/\/ateliertushu.fr\/wp-content\/uploads\/2025\/11\/rests-290x300.jpg 290w, https:\/\/ateliertushu.fr\/wp-content\/uploads\/2025\/11\/rests-768x794.jpg 768w\" sizes=\"auto, (max-width: 967px) 100vw, 967px\" \/><figcaption class=\"wp-element-caption\">Repose-baguettes. Gr\u00e8s.  2024.<\/figcaption><\/figure>\n\n\n\n<figure class=\"wp-block-image size-large\"><img loading=\"lazy\" decoding=\"async\" width=\"1000\" height=\"973\" data-id=\"475\" src=\"https:\/\/ateliertushu.fr\/wp-content\/uploads\/2025\/11\/rakubowl.jpg\" alt=\"\" class=\"wp-image-475\" srcset=\"https:\/\/ateliertushu.fr\/wp-content\/uploads\/2025\/11\/rakubowl.jpg 1000w, https:\/\/ateliertushu.fr\/wp-content\/uploads\/2025\/11\/rakubowl-300x292.jpg 300w, https:\/\/ateliertushu.fr\/wp-content\/uploads\/2025\/11\/rakubowl-768x747.jpg 768w\" sizes=\"auto, (max-width: 1000px) 100vw, 1000px\" \/><figcaption class=\"wp-element-caption\">Bol. Raku.  2025.<\/figcaption><\/figure>\n<\/figure>\n\n<hr class=\"wp-block-separator has-alpha-channel-opacity\"\/>\n\n<p class=\"is-style-text-subtitle is-style-text-subtitle--3\">Projets de recherche en cours<\/p>\n\n<p><strong><em>Chronolithes : entre les grands silences<\/em><\/strong><\/p>\n\n<p>Huit objets en gr\u00e8s noir.<br\/>Sculpt\u00e9s avec une lame pal\u00e9olithique.<br\/>Marqu\u00e9s des plus anciens symboles connus de l\u2019humanit\u00e9.<br\/>Un pays de r\u00eave du r\u00e9el.  <\/p>\n\n<pre class=\"wp-block-preformatted\">Exposition pr\u00e9vue en 2026.<\/pre>\n\n<p class=\"is-style-text-annotation is-style-text-annotation--4\"><a href=\"https:\/\/ateliertushu.fr\/chronoliths2026\/\" data-type=\"page\" data-id=\"205\">Explorer<\/a><\/p>\n\n<hr class=\"wp-block-separator has-alpha-channel-opacity\"\/>\n\n<p><strong><em>Reliquaires de cendre et d\u2019air<\/em><\/strong> est une collection grandissante d\u2019\u0153uvres en c\u00e9ramique qui explore ce qui demeure lorsque le sacr\u00e9 s\u2019est \u00e9rod\u00e9. Chaque pi\u00e8ce est construite pour prot\u00e9ger ce qui ne peut plus \u00eatre gard\u00e9. Fractur\u00e9s, ligatur\u00e9s ou perc\u00e9s, ces reliquaires font \u00e9cho au d\u00e9sir de pr\u00e9server l\u2019amour, la m\u00e9moire ou la croyance, m\u00eame lorsqu\u2019ils nous \u00e9chappent. S\u2019appuyant sur le langage des sanctuaires et des contenants, les \u0153uvres flottent entre d\u00e9votion et d\u00e9sillusion, leurs surfaces portant la trace silencieuse de quelque chose jadis ch\u00e9ri, d\u00e9sormais disparu. Fa\u00e7onn\u00e9s d\u2019argile, de cendre, de m\u00e9tal et de pierre, ils posent la question : que se passe-t-il lorsque le reliquaire survit \u00e0 ce qu\u2019il \u00e9tait destin\u00e9 \u00e0 contenir ?    <\/p>\n\n<pre class=\"wp-block-preformatted is-style-default\">Exposition pr\u00e9vue en 2027.<br\/><\/pre>\n\n<hr class=\"wp-block-separator has-alpha-channel-opacity\"\/>\n\n<p><strong><em>Le Tombeau de la reine \u00e9gar\u00e9e<\/em><\/strong> est un ensemble para-fictionnel en cours, m\u00ealant archives et c\u00e9ramique, qui se d\u00e9ploie \u00e0 travers la reconstruction partielle d\u2019une fouille contest\u00e9e. Structur\u00e9 autour de documents contradictoires issus d\u2019une mission franco-sovi\u00e9tique de 1937 dans les contreforts du Zeravshan, le projet traverse notes de terrain, photographies, cartes, t\u00e9moignages oraux et un assemblage d\u2019artefacts qui \u00e9merge peu \u00e0 peu. <\/p>\n\n<p>Plut\u00f4t que de pr\u00e9senter un r\u00e9cit arch\u00e9ologique stable, l\u2019\u0153uvre lib\u00e8re les preuves par fragments. Les plans des chambres se d\u00e9placent, les objets sont mal class\u00e9s, et le statut de la figure centrale demeure irr\u00e9solu. Les pi\u00e8ces en c\u00e9ramique ne fonctionnent pas comme des illustrations d\u2019un pass\u00e9 connu, mais comme des propositions mat\u00e9rielles au sein d\u2019une archive instable : des formes qui semblent relever \u00e0 la fois du rituel, du domestique et du fun\u00e9raire, sans se fixer dans une typologie coh\u00e9rente.  <\/p>\n\n<p>Ce qui \u00e9merge n\u2019est pas un tombeau achev\u00e9, mais un champ de documents, d\u2019absences et d\u2019objets sous pression \u2014 une archive dont l\u2019autorit\u00e9 commence \u00e0 se dissoudre \u00e0 mesure que la reconstruction avance.<\/p>\n\n<pre class=\"wp-block-preformatted is-style-default\">Des possibilit\u00e9s de participation <s>\u00e0 partir de 2026<\/s> <a href=\"https:\/\/patreon.com\/waywardqueen_reconstruction?utm_medium=unknown&amp;utm_source=join_link&amp;utm_campaign=creatorshare_creator&amp;utm_content=copyLink\" target=\"_blank\" rel=\"noreferrer noopener\">disponibles d\u00e8s maintenant<\/a>.<\/pre>\n\n<p><\/p>\n","protected":false},"excerpt":{"rendered":"<p>Bienvenue et welcome \u00e0 atelier tushu, la maison des choses cr\u00e9\u00e9es par Peter Shoemaker \u00e0 partir de terre, d\u2019air, de feu et d\u2019eau \u2014 ce qui, si l\u2019on en croit les pr\u00e9socratiques, couvre \u00e0 peu pr\u00e8s tout. Aux c\u00f4t\u00e9s de vases, bols et autres formes \u00e9l\u00e9mentaires, l\u2019atelier m\u00e8ne des investigations au long cours sur la [&hellip;]<\/p>\n","protected":false},"author":2,"featured_media":0,"parent":0,"menu_order":0,"comment_status":"closed","ping_status":"closed","template":"page-no-title","meta":{"footnotes":""},"class_list":["post-534","page","type-page","status-publish","hentry"],"_links":{"self":[{"href":"https:\/\/ateliertushu.fr\/fr\/wp-json\/wp\/v2\/pages\/534","targetHints":{"allow":["GET"]}}],"collection":[{"href":"https:\/\/ateliertushu.fr\/fr\/wp-json\/wp\/v2\/pages"}],"about":[{"href":"https:\/\/ateliertushu.fr\/fr\/wp-json\/wp\/v2\/types\/page"}],"author":[{"embeddable":true,"href":"https:\/\/ateliertushu.fr\/fr\/wp-json\/wp\/v2\/users\/2"}],"replies":[{"embeddable":true,"href":"https:\/\/ateliertushu.fr\/fr\/wp-json\/wp\/v2\/comments?post=534"}],"version-history":[{"count":1,"href":"https:\/\/ateliertushu.fr\/fr\/wp-json\/wp\/v2\/pages\/534\/revisions"}],"predecessor-version":[{"id":536,"href":"https:\/\/ateliertushu.fr\/fr\/wp-json\/wp\/v2\/pages\/534\/revisions\/536"}],"wp:attachment":[{"href":"https:\/\/ateliertushu.fr\/fr\/wp-json\/wp\/v2\/media?parent=534"}],"curies":[{"name":"wp","href":"https:\/\/api.w.org\/{rel}","templated":true}]}}