{"id":542,"date":"2025-10-31T16:27:37","date_gmt":"2025-10-31T16:27:37","guid":{"rendered":"https:\/\/ateliertushu.fr\/reliquaires-de-cendre-et-dair\/"},"modified":"2026-04-28T13:22:40","modified_gmt":"2026-04-28T13:22:40","slug":"reliquaires-de-cendre-et-dair","status":"publish","type":"page","link":"https:\/\/ateliertushu.fr\/fr\/reliquaires-de-cendre-et-dair\/","title":{"rendered":"les sanctit\u00e9s mineures"},"content":{"rendered":"\n<h2 class=\"wp-block-heading\">Les sanctit\u00e9s mineures : <em>Six d\u00e9votions pour une liturgie humaine<\/em><\/h2>\n\n<p><strong>Les sanctit\u00e9s mineures<\/strong> ne sont pas des r\u00e9ceptacles pour les choses sacr\u00e9es. Ce sont des d\u00e9votions fa\u00e7onn\u00e9es autour des absences humaines : le deuil, l&rsquo;amour, l&rsquo;enfance, la parole, l&rsquo;\u00e2me et le r\u00eave. Six reliquaires, six gestes, six stations dans une liturgie forg\u00e9e non par la doctrine, mais par ce qu&rsquo;une vie ne peut retenir.  <\/p>\n\n<p>EN COURS \u2014 Exposition pr\u00e9vue pour 2027.<\/p>\n","protected":false},"excerpt":{"rendered":"<p>Les sanctit\u00e9s mineures : Six d\u00e9votions pour une liturgie humaine Les sanctit\u00e9s mineures ne sont pas des r\u00e9ceptacles pour les choses sacr\u00e9es. Ce sont des d\u00e9votions fa\u00e7onn\u00e9es autour des absences humaines : le deuil, l&rsquo;amour, l&rsquo;enfance, la parole, l&rsquo;\u00e2me et le r\u00eave. Six reliquaires, six gestes, six stations dans une liturgie forg\u00e9e non par la [&hellip;]<\/p>\n","protected":false},"author":2,"featured_media":0,"parent":0,"menu_order":0,"comment_status":"closed","ping_status":"closed","template":"page-no-title","meta":{"footnotes":""},"class_list":["post-542","page","type-page","status-publish","hentry"],"_links":{"self":[{"href":"https:\/\/ateliertushu.fr\/fr\/wp-json\/wp\/v2\/pages\/542","targetHints":{"allow":["GET"]}}],"collection":[{"href":"https:\/\/ateliertushu.fr\/fr\/wp-json\/wp\/v2\/pages"}],"about":[{"href":"https:\/\/ateliertushu.fr\/fr\/wp-json\/wp\/v2\/types\/page"}],"author":[{"embeddable":true,"href":"https:\/\/ateliertushu.fr\/fr\/wp-json\/wp\/v2\/users\/2"}],"replies":[{"embeddable":true,"href":"https:\/\/ateliertushu.fr\/fr\/wp-json\/wp\/v2\/comments?post=542"}],"version-history":[{"count":3,"href":"https:\/\/ateliertushu.fr\/fr\/wp-json\/wp\/v2\/pages\/542\/revisions"}],"predecessor-version":[{"id":621,"href":"https:\/\/ateliertushu.fr\/fr\/wp-json\/wp\/v2\/pages\/542\/revisions\/621"}],"wp:attachment":[{"href":"https:\/\/ateliertushu.fr\/fr\/wp-json\/wp\/v2\/media?parent=542"}],"curies":[{"name":"wp","href":"https:\/\/api.w.org\/{rel}","templated":true}]}}