{"id":547,"date":"2025-10-06T13:17:20","date_gmt":"2025-10-06T13:17:20","guid":{"rendered":"https:\/\/ateliertushu.fr\/notes-de-terrain\/"},"modified":"2026-04-15T08:07:00","modified_gmt":"2026-04-15T08:07:00","slug":"notes-de-terrain","status":"publish","type":"page","link":"https:\/\/ateliertushu.fr\/fr\/notes-de-terrain\/","title":{"rendered":"Notes de terrain"},"content":{"rendered":"\n<pre class=\"wp-block-preformatted\"><a href=\"https:\/\/ateliertushu.fr\/fr\/notes-de-terrain\/archives-indisciplinees-et-de-bien-mauvaise-maniere\/\" data-type=\"page\" data-id=\"496\">Archives malicieuses, vraiment<\/a> (2025) \/\/ Un essai sur les archives, la coh\u00e9rence et le refus. \u00c9crit dans le cadre d\u2019un projet de reconstruction en cours. \/\/<br\/><br\/><a href=\"https:\/\/ateliertushu.fr\/fr\/notes-de-terrain\/contre-le-savoir-sur-lopacite-larcheologie-lart-et-le-pouvoir-du-refus\/\" data-type=\"page\" data-id=\"398\">Contre le savoir<\/a> (2025) \/\/ Un essai sur l\u2019opacit\u00e9, l\u2019arch\u00e9ologie et la r\u00e9sistance de l\u2019art \u00e0 l\u2019explication. \u00c9crit \u00e0 partir d\u2019une pratique mat\u00e9rielle engag\u00e9e dans le refus et le non-savoir. \/\/<br\/><br\/><a href=\"https:\/\/ateliertushu.fr\/field-notes\/literature-review\/\">Revue de litt\u00e9rature : Perception, mat\u00e9rialit\u00e9 et s\u00e9miotique de l\u2019ambigu\u00eft\u00e9 dans les Chronolithes<\/a> (2025) \/\/ Une revue de litt\u00e9rature d\u00e9crivant les lign\u00e9es conceptuelles qui informent le projet Chronolithes, de la ph\u00e9nom\u00e9nologie et l\u2019arch\u00e9ologie \u00e0 la pens\u00e9e esth\u00e9tique. \/\/<\/pre>\n\n<p><\/p>\n","protected":false},"excerpt":{"rendered":"<p>Archives malicieuses, vraiment (2025) \/\/ Un essai sur les archives, la coh\u00e9rence et le refus. \u00c9crit dans le cadre d\u2019un projet de reconstruction en cours. \/\/Contre le savoir (2025) \/\/ Un essai sur l\u2019opacit\u00e9, l\u2019arch\u00e9ologie et la r\u00e9sistance de l\u2019art \u00e0 l\u2019explication. \u00c9crit \u00e0 partir d\u2019une pratique mat\u00e9rielle engag\u00e9e dans le refus et le non-savoir. [&hellip;]<\/p>\n","protected":false},"author":2,"featured_media":0,"parent":0,"menu_order":0,"comment_status":"closed","ping_status":"closed","template":"page-no-title","meta":{"footnotes":""},"class_list":["post-547","page","type-page","status-publish","hentry"],"_links":{"self":[{"href":"https:\/\/ateliertushu.fr\/fr\/wp-json\/wp\/v2\/pages\/547","targetHints":{"allow":["GET"]}}],"collection":[{"href":"https:\/\/ateliertushu.fr\/fr\/wp-json\/wp\/v2\/pages"}],"about":[{"href":"https:\/\/ateliertushu.fr\/fr\/wp-json\/wp\/v2\/types\/page"}],"author":[{"embeddable":true,"href":"https:\/\/ateliertushu.fr\/fr\/wp-json\/wp\/v2\/users\/2"}],"replies":[{"embeddable":true,"href":"https:\/\/ateliertushu.fr\/fr\/wp-json\/wp\/v2\/comments?post=547"}],"version-history":[{"count":1,"href":"https:\/\/ateliertushu.fr\/fr\/wp-json\/wp\/v2\/pages\/547\/revisions"}],"predecessor-version":[{"id":548,"href":"https:\/\/ateliertushu.fr\/fr\/wp-json\/wp\/v2\/pages\/547\/revisions\/548"}],"wp:attachment":[{"href":"https:\/\/ateliertushu.fr\/fr\/wp-json\/wp\/v2\/media?parent=547"}],"curies":[{"name":"wp","href":"https:\/\/api.w.org\/{rel}","templated":true}]}}