{"id":549,"date":"2025-12-30T13:16:42","date_gmt":"2025-12-30T13:16:42","guid":{"rendered":"https:\/\/ateliertushu.fr\/notes-de-terrain\/archives-indisciplinees-et-de-bien-mauvaise-maniere\/"},"modified":"2026-04-15T08:07:00","modified_gmt":"2026-04-15T08:07:00","slug":"archives-indisciplinees-et-de-bien-mauvaise-maniere","status":"publish","type":"page","link":"https:\/\/ateliertushu.fr\/fr\/notes-de-terrain\/archives-indisciplinees-et-de-bien-mauvaise-maniere\/","title":{"rendered":"Archives indisciplin\u00e9es, et de bien mauvaise mani\u00e8re"},"content":{"rendered":"\n<p>Les archives sont construites pour servir le pouvoir.<\/p>\n\n<p>Pas toujours ouvertement. Pas toujours de mani\u00e8re cynique. Souvent par la routine, la proc\u00e9dure et les disciplines discr\u00e8tes des bonnes pratiques. Elles trient, stabilisent et autorisent. Elles produisent des documents que l\u2019on peut citer, des d\u00e9cisions que l\u2019on peut justifier et des histoires qui peuvent circuler sans h\u00e9sitation.    <\/p>\n\n<p>Ce service d\u00e9pend d\u2019une condition avant toutes les autres : la coh\u00e9rence \u00e0 la demande.<\/p>\n\n<p>Le pouvoir n\u2019exige pas que les archives soient vraies. Il exige qu\u2019elles soient coh\u00e9rentes quand on les sollicite. <\/p>\n\n<p>Au sein m\u00eame de l\u2019archive, l\u2019instabilit\u00e9 est bien comprise. Les sources primaires se contredisent. Les dates d\u00e9rivent. Les t\u00e9moignages divergent. Les classifications restent provisoires. Aucun chercheur s\u00e9rieux ne prend cela pour un probl\u00e8me qui peut \u00eatre r\u00e9solu proprement. C\u2019est structurel.      <\/p>\n\n<p>Mais quand les archives doivent fonctionner \u2014 quand elles doivent \u00eatre r\u00e9sum\u00e9es, cit\u00e9es, enseign\u00e9es, expos\u00e9es ou mobilis\u00e9es \u2014 l\u2019instabilit\u00e9 devient g\u00eanante. Parfois intol\u00e9rable. <\/p>\n\n<p>Alors, on la g\u00e8re. Les contradictions sont contextualis\u00e9es. Les d\u00e9saccords sont int\u00e9gr\u00e9s au r\u00e9cit. Les objets sont align\u00e9s sur des typologies qu\u2019ils ne satisfont que partiellement. Ce qui ne peut \u00eatre concili\u00e9 est report\u00e9 ; ce qui ne peut \u00eatre stabilis\u00e9 est pass\u00e9 sous silence.    <\/p>\n\n<p>Cela ne demande pas de mauvaise foi. Cela demande seulement l\u2019attente que les archives doivent fonctionner. <\/p>\n\n<p>Le r\u00e9sultat n\u2019est pas une fabrication, mais un ordre disciplin\u00e9 : un pass\u00e9 rendu utilisable. L\u2019autorit\u00e9 d\u00e9coule de cette utilit\u00e9. La confiance suit. Et trop souvent \u2014 par n\u00e9cessit\u00e9, commodit\u00e9 ou pression institutionnelle \u2014 cette archive bien disciplin\u00e9e est confondue avec la v\u00e9rit\u00e9.   <\/p>\n\n<p>Le danger ici n\u2019est pas l\u2019absence. L\u2019absence se d\u00e9clare d\u2019elle-m\u00eame. Un document manquant annonce ses limites.  <\/p>\n\n<p>Le danger, c\u2019est la coh\u00e9rence pr\u00e9matur\u00e9e.<\/p>\n\n<p>La coh\u00e9rence pr\u00e9matur\u00e9e produit l\u2019impression que l\u2019incertitude a \u00e9t\u00e9 trait\u00e9e. En fait, elle n\u2019a \u00e9t\u00e9 que contenue. Elle pr\u00e9sente la contradiction comme un contexte, le silence comme une lacune \u00e0 combler, le d\u00e9saccord comme un inconv\u00e9nient temporaire plut\u00f4t que comme une condition permanente. La stabilit\u00e9 finit par remplacer le soin ; la r\u00e9solution, la rigueur.   <\/p>\n\n<p>Nous sommes form\u00e9s \u00e0 accepter cela. Dans les mus\u00e9es. Dans les manuels scolaires. Dans la m\u00e9moire institutionnelle plus largement. La coh\u00e9rence est prise comme une preuve de responsabilit\u00e9. La fracture comme un \u00e9chec.     <\/p>\n\n<p>Mais ce qui se perd dans ce processus, ce n\u2019est pas du bruit. C\u2019est la preuve de la mani\u00e8re dont la connaissance se forme r\u00e9ellement sous la contrainte. <\/p>\n\n<p>L\u2019ambigu\u00eft\u00e9 n\u2019est pas un probl\u00e8me temporaire \u00e0 surmonter. Elle est structurelle. <\/p>\n\n<p>La contradiction n\u2019est pas un \u00e9chec de la m\u00e9thode. C\u2019est l\u2019un de ses r\u00e9sultats les plus r\u00e9v\u00e9lateurs. <\/p>\n\n<p>Le silence n\u2019indique pas un manque. Il exerce une pression. <\/p>\n\n<hr class=\"wp-block-separator has-alpha-channel-opacity is-style-dots\" style=\"margin-top:var(--wp--preset--spacing--20);margin-bottom:var(--wp--preset--spacing--20)\"\/>\n\n<p><strong>Une reconstruction qui refuse de se r\u00e9soudre<\/strong><\/p>\n\n<p>Je travaille sur un projet qui prend ces conditions au s\u00e9rieux.<\/p>\n\n<p>Il se d\u00e9ploie comme une reconstruction : une mission arch\u00e9ologique perdue en 1937, une archive fragment\u00e9e, une tombe dont le contenu r\u00e9siste \u00e0 la classification, et une figure \u2014 d\u00e9sign\u00e9e seulement bien plus tard comme une reine \u2014 qui perturbe toute tentative de la situer avec certitude dans le temps, le rituel ou l\u2019histoire.<\/p>\n\n<p>Le projet pr\u00e9sente des documents, des artefacts, des traductions, des notes de conservation et des interpr\u00e9tations divergentes \u2014 chaque ajout accentuant l\u2019instabilit\u00e9 plut\u00f4t que de la r\u00e9soudre. Il n\u2019y a pas de version faisant autorit\u00e9. Pas de synth\u00e8se finale. Pas de r\u00e9v\u00e9lation.   <\/p>\n\n<p>L\u2019archive est indisciplin\u00e9e par dessein.<\/p>\n\n<p>Cela n\u2019exempte pas le projet de sa propre critique. Reconstruire, c\u2019est encore gouverner. Cadrer l\u2019instabilit\u00e9, c\u2019est encore cadrer. Il n\u2019y a pas d\u2019innocence archivistique. Seulement le refus :     <\/p>\n\n<p>de laisser les contradictions s\u2019effondrer dans la commodit\u00e9 narrative, <\/p>\n\n<p>de laisser le silence \u00eatre confondu avec l\u2019absence, <\/p>\n\n<p>de laisser la pression du non-r\u00e9solu se rel\u00e2cher pr\u00e9matur\u00e9ment. <\/p>\n\n<p>L\u2019indiscipline n\u2019est pas une lib\u00e9ration du pouvoir. C\u2019est une relation diff\u00e9rente avec lui. <\/p>\n\n<p>Ce n\u2019est pas un puzzle. C\u2019est une condition \u2014 une condition qui doit \u00eatre maintenue plut\u00f4t que r\u00e9solue. <\/p>\n\n<p>L\u2019interpr\u00e9tation est la bienvenue. La certitude n\u2019est pas requise. On demande seulement aux lecteurs de pr\u00eater attention \u00e0 la mani\u00e8re dont les preuves se comportent lorsqu\u2019elles refusent de s\u2019aligner.  <\/p>\n\n<p>Certaines contradictions ne seront jamais concili\u00e9es. Certains documents invalideront discr\u00e8tement les pr\u00e9c\u00e9dents. Certaines absences s\u2019av\u00e9reront structurelles plut\u00f4t qu\u2019accidentelles.  <\/p>\n\n<p>Il ne s\u2019agit pas d\u2019une correction d\u2019erreurs. C\u2019est une exp\u00e9rience de retenue. <\/p>\n\n<p>Rester face \u00e0 cette r\u00e9sistance est un choix \u00e9thique, mais pas parce que l\u2019instabilit\u00e9 est vertueuse en soi. C\u2019est \u00e9thique parce que cela refuse de dissimuler les conditions dans lesquelles la connaissance est produite. Cela rend visible qui d\u00e9cide quand l\u2019incertitude prend fin. Cela reconna\u00eet que chaque synth\u00e8se sert le besoin d\u2019utilit\u00e9 de quelqu\u2019un \u2014 et demande si ce besoin doit toujours \u00eatre satisfait.   <\/p>\n\n<p>Ce n\u2019est pas de la neutralit\u00e9. C\u2019est une forme diff\u00e9rente d\u2019engagement : pr\u00e9server les preuves de la contrainte, laisser accessibles les points de pression o\u00f9 le pouvoir fa\u00e7onne ce qui peut \u00eatre connu. Permettre aux lecteurs de voir non seulement ce que l\u2019archive contient, mais ce qu\u2019elle ne peut maintenir ensemble sans force.  <\/p>\n\n<p>Rien ici n\u2019est complet. Rien ici n\u2019est r\u00e9gl\u00e9. Ce qui reste n\u2019est pas la certitude, mais la responsabilit\u00e9 \u2014  <\/p>\n\n<p>envers les contradictions qui persistent,<\/p>\n\n<p>envers les silences qui exercent une force,<\/p>\n\n<p>et envers ceux qui doivent vivre avec ce que la coh\u00e9rence rend possible. <\/p>\n\n<p><\/p>\n\n<p><\/p>\n\n<div style=\"height:187px\" aria-hidden=\"true\" class=\"wp-block-spacer\"><\/div>\n\n<p><em>Cet essai n\u2019est pas exhaustif. Il trace les conditions dans lesquelles le travail se d\u00e9ploie. <\/em><\/p>\n","protected":false},"excerpt":{"rendered":"<p>Les archives sont construites pour servir le pouvoir. Pas toujours ouvertement. Pas toujours de mani\u00e8re cynique. Souvent par la routine, la proc\u00e9dure et les disciplines discr\u00e8tes des bonnes pratiques. Elles trient, stabilisent et autorisent. Elles produisent des documents que l\u2019on peut citer, des d\u00e9cisions que l\u2019on peut justifier et des histoires qui peuvent circuler sans [&hellip;]<\/p>\n","protected":false},"author":1,"featured_media":0,"parent":547,"menu_order":0,"comment_status":"closed","ping_status":"closed","template":"","meta":{"footnotes":""},"class_list":["post-549","page","type-page","status-publish","hentry"],"_links":{"self":[{"href":"https:\/\/ateliertushu.fr\/fr\/wp-json\/wp\/v2\/pages\/549","targetHints":{"allow":["GET"]}}],"collection":[{"href":"https:\/\/ateliertushu.fr\/fr\/wp-json\/wp\/v2\/pages"}],"about":[{"href":"https:\/\/ateliertushu.fr\/fr\/wp-json\/wp\/v2\/types\/page"}],"author":[{"embeddable":true,"href":"https:\/\/ateliertushu.fr\/fr\/wp-json\/wp\/v2\/users\/1"}],"replies":[{"embeddable":true,"href":"https:\/\/ateliertushu.fr\/fr\/wp-json\/wp\/v2\/comments?post=549"}],"version-history":[{"count":1,"href":"https:\/\/ateliertushu.fr\/fr\/wp-json\/wp\/v2\/pages\/549\/revisions"}],"predecessor-version":[{"id":550,"href":"https:\/\/ateliertushu.fr\/fr\/wp-json\/wp\/v2\/pages\/549\/revisions\/550"}],"up":[{"embeddable":true,"href":"https:\/\/ateliertushu.fr\/fr\/wp-json\/wp\/v2\/pages\/547"}],"wp:attachment":[{"href":"https:\/\/ateliertushu.fr\/fr\/wp-json\/wp\/v2\/media?parent=549"}],"curies":[{"name":"wp","href":"https:\/\/api.w.org\/{rel}","templated":true}]}}