{"id":551,"date":"2024-08-09T09:21:45","date_gmt":"2024-08-09T09:21:45","guid":{"rendered":"https:\/\/ateliertushu.fr\/politique-de-confidentialite\/"},"modified":"2026-04-15T08:07:09","modified_gmt":"2026-04-15T08:07:09","slug":"politique-de-confidentialite","status":"publish","type":"page","link":"https:\/\/ateliertushu.fr\/fr\/politique-de-confidentialite\/","title":{"rendered":"Politique de confidentialit\u00e9"},"content":{"rendered":"\n<h2 class=\"wp-block-heading\">Qui sommes-nous<\/h2>\n\n<p><strong class=\"privacy-policy-tutorial\">Texte sugg\u00e9r\u00e9 : <\/strong>L\u2019adresse de notre site web est : https:\/\/ateliertushu.fr\/.<\/p>\n\n<h2 class=\"wp-block-heading\">Commentaires<\/h2>\n\n<p>Quand tu laisses un commentaire sur le site, nous collectons les donn\u00e9es affich\u00e9es dans le formulaire de contact, ainsi que ton adresse IP et l\u2019agent utilisateur de ton navigateur pour nous aider \u00e0 la d\u00e9tection des ind\u00e9sirables.<\/p>\n\n<p>Une cha\u00eene anonymis\u00e9e cr\u00e9\u00e9e \u00e0 partir de ton adresse e-mail (\u00e9galement appel\u00e9e hash) peut \u00eatre envoy\u00e9e au service Gravatar pour v\u00e9rifier si tu l\u2019utilises. La politique de confidentialit\u00e9 du service Gravatar est disponible ici : https:\/\/automattic.com\/privacy\/. Apr\u00e8s approbation de ton commentaire, ta photo de profil est visible publiquement \u00e0 c\u00f4t\u00e9 de ton commentaire. <\/p>\n\n<h2 class=\"wp-block-heading\">Cookies<\/h2>\n\n<p>Si tu laisses un commentaire sur notre site, tu peux choisir d\u2019enregistrer ton nom, ton adresse e-mail et ton site web dans des cookies. C\u2019est pour ton confort afin de ne pas avoir \u00e0 saisir tes coordonn\u00e9es \u00e0 nouveau si tu laisses un autre commentaire. Ces cookies expirent au bout d\u2019un an.  <\/p>\n\n<p>Si tu te rends sur la page de connexion, nous installerons un cookie temporaire pour d\u00e9terminer si ton navigateur accepte les cookies. Ce cookie ne contient pas de donn\u00e9es personnelles et est supprim\u00e9 lorsque tu fermes ton navigateur. <\/p>\n\n<p>Lorsque tu te connectes, nous mettrons \u00e9galement en place plusieurs cookies pour enregistrer tes informations de connexion et tes choix d\u2019affichage d\u2019\u00e9cran. Les cookies de connexion durent deux jours, et les cookies d\u2019option d\u2019\u00e9cran durent un an. Si tu coches \u00ab Se souvenir de moi \u00bb, ta connexion sera conserv\u00e9e pendant deux semaines. Si tu te d\u00e9connectes de ton compte, les cookies de connexion seront supprim\u00e9s.   <\/p>\n\n<p>Si tu modifies ou publies un article, un cookie suppl\u00e9mentaire sera enregistr\u00e9 dans ton navigateur. Ce cookie ne comprend aucune donn\u00e9e personnelle et indique simplement l\u2019ID de l\u2019article que tu viens de modifier. Il expire apr\u00e8s 1 jour.  <\/p>\n\n<h2 class=\"wp-block-heading\">Avec qui nous partageons tes donn\u00e9es<\/h2>\n\n<p>Personne.<\/p>\n\n<h2 class=\"wp-block-heading\">Combien de temps nous conservons tes donn\u00e9es<\/h2>\n\n<p>Si tu laisses un commentaire, le commentaire et ses m\u00e9tadonn\u00e9es sont conserv\u00e9s ind\u00e9finiment. Cela permet de reconna\u00eetre et d\u2019approuver automatiquement les commentaires suivants au lieu de les laisser dans la file de mod\u00e9ration. <\/p>\n\n<h2 class=\"wp-block-heading\">Quels droits tu as sur tes donn\u00e9es<\/h2>\n\n<p>Tu peux demander la suppression de toutes les donn\u00e9es personnelles que nous d\u00e9tenons \u00e0 ton sujet. Cela ne prend pas en compte les donn\u00e9es que nous sommes oblig\u00e9s de conserver \u00e0 des fins administratives, l\u00e9gales ou de s\u00e9curit\u00e9. <\/p>\n\n<h2 class=\"wp-block-heading\">O\u00f9 tes donn\u00e9es sont envoy\u00e9es<\/h2>\n\n<p>Les commentaires des visiteurs peuvent \u00eatre v\u00e9rifi\u00e9s \u00e0 l\u2019aide d\u2019un service automatis\u00e9 de d\u00e9tection des commentaires ind\u00e9sirables.<\/p>\n","protected":false},"excerpt":{"rendered":"<p>Qui sommes-nous Texte sugg\u00e9r\u00e9 : L\u2019adresse de notre site web est : https:\/\/ateliertushu.fr\/. Commentaires Quand tu laisses un commentaire sur le site, nous collectons les donn\u00e9es affich\u00e9es dans le formulaire de contact, ainsi que ton adresse IP et l\u2019agent utilisateur de ton navigateur pour nous aider \u00e0 la d\u00e9tection des ind\u00e9sirables. Une cha\u00eene anonymis\u00e9e cr\u00e9\u00e9e [&hellip;]<\/p>\n","protected":false},"author":2,"featured_media":0,"parent":0,"menu_order":0,"comment_status":"closed","ping_status":"closed","template":"page-no-title","meta":{"footnotes":""},"class_list":["post-551","page","type-page","status-publish","hentry"],"_links":{"self":[{"href":"https:\/\/ateliertushu.fr\/fr\/wp-json\/wp\/v2\/pages\/551","targetHints":{"allow":["GET"]}}],"collection":[{"href":"https:\/\/ateliertushu.fr\/fr\/wp-json\/wp\/v2\/pages"}],"about":[{"href":"https:\/\/ateliertushu.fr\/fr\/wp-json\/wp\/v2\/types\/page"}],"author":[{"embeddable":true,"href":"https:\/\/ateliertushu.fr\/fr\/wp-json\/wp\/v2\/users\/2"}],"replies":[{"embeddable":true,"href":"https:\/\/ateliertushu.fr\/fr\/wp-json\/wp\/v2\/comments?post=551"}],"version-history":[{"count":1,"href":"https:\/\/ateliertushu.fr\/fr\/wp-json\/wp\/v2\/pages\/551\/revisions"}],"predecessor-version":[{"id":552,"href":"https:\/\/ateliertushu.fr\/fr\/wp-json\/wp\/v2\/pages\/551\/revisions\/552"}],"wp:attachment":[{"href":"https:\/\/ateliertushu.fr\/fr\/wp-json\/wp\/v2\/media?parent=551"}],"curies":[{"name":"wp","href":"https:\/\/api.w.org\/{rel}","templated":true}]}}