{"id":557,"date":"2024-08-09T11:04:25","date_gmt":"2024-08-09T11:04:25","guid":{"rendered":"https:\/\/ateliertushu.fr\/influences-et-approche\/"},"modified":"2026-04-15T08:07:18","modified_gmt":"2026-04-15T08:07:18","slug":"influences-et-approche","status":"publish","type":"page","link":"https:\/\/ateliertushu.fr\/fr\/influences-et-approche\/","title":{"rendered":"Influences et Approche"},"content":{"rendered":"\n<h2 class=\"wp-block-heading\">Influences et Approche<\/h2>\n\n<h3 class=\"wp-block-heading\">Approche<\/h3>\n\n<p>Depuis mon atelier normand, je cr\u00e9e des c\u00e9ramiques qui invitent \u00e0 la fois \u00e0 l\u2019usage et \u00e0 la sp\u00e9culation. Qu\u2019il s\u2019agisse d\u2019un reliquaire, d\u2019un r\u00e9cipient, d\u2019un chawan ou d\u2019un artefact imaginaire, mes formes associent la pr\u00e9cision mat\u00e9rielle \u00e0 un int\u00e9r\u00eat soutenu pour le silence, l\u2019ambigu\u00eft\u00e9 et le temps profond. Ce qui \u00e9merge de ce travail est souvent moins un objet qu\u2019une provocation : une chose qui semble avoir gliss\u00e9 d\u2019une strate incertaine du monde, te demandant de la consid\u00e9rer sans te dire comment.  <\/p>\n\n<figure class=\"wp-block-image alignright size-large is-resized wp-duotone-unset-1\"><img loading=\"lazy\" decoding=\"async\" width=\"959\" height=\"1024\" src=\"https:\/\/ateliertushu.fr\/wp-content\/uploads\/2026\/03\/PShoemaker-959x1024.png\" alt=\"\" class=\"wp-image-525\" style=\"width:290px;height:auto\" srcset=\"https:\/\/ateliertushu.fr\/wp-content\/uploads\/2026\/03\/PShoemaker-959x1024.png 959w, https:\/\/ateliertushu.fr\/wp-content\/uploads\/2026\/03\/PShoemaker-281x300.png 281w, https:\/\/ateliertushu.fr\/wp-content\/uploads\/2026\/03\/PShoemaker-768x820.png 768w, https:\/\/ateliertushu.fr\/wp-content\/uploads\/2026\/03\/PShoemaker.png 1022w\" sizes=\"auto, (max-width: 959px) 100vw, 959px\" \/><figcaption class=\"wp-element-caption\">Peter, par MHTL, dans son atelier (2024).<\/figcaption><\/figure>\n\n<p>J\u2019\u00e9volue dans un bouillon alchimique de m\u00e9moire, d\u2019intuition, de discipline artisanale et d\u2019exp\u00e9rimentation effr\u00e9n\u00e9e.<\/p>\n\n<h3 class=\"wp-block-heading\">Influences<\/h3>\n\n<p>Tout cela est le r\u00e9sultat s\u00e9diment\u00e9 d\u2019ann\u00e9es pass\u00e9es \u00e0 poursuivre \u2014 et \u00e0 \u00eatre poursuivi par \u2014 une constellation d\u2019influences indisciplin\u00e9es.<\/p>\n\n<p>D\u2019abord, ceci : il y a des d\u00e9cennies, en tant qu\u2019historien et arch\u00e9ologue du haut Moyen \u00c2ge, j\u2019ai \u00e9crit une th\u00e8se enti\u00e8re sur les vases accessoires d\u2019inhumation. Oui, des pots enterr\u00e9s avec des morts. J\u2019ai avanc\u00e9 des affirmations audacieuses, certaines r\u00e9ellement \u00e9tay\u00e9es par quelque chose qui ressemblait \u00e0 de la science. Fais-moi savoir si tu souhaites \u00eatre la quatri\u00e8me personne au monde \u00e0 la lire. Donc, les pots et moi, c\u2019est une longue histoire.    <\/p>\n\n<p>Mais \u2014 mis \u00e0 part le contenu et les circonstances des s\u00e9pultures de la fin de l\u2019\u00e9poque romaine, anglo-saxonne et carolingienne \u2014 j\u2019ai \u00e9t\u00e9 particuli\u00e8rement marqu\u00e9 par mes longs allers-retours avec le Pal\u00e9olithique et le N\u00e9olithique et leurs productions incompr\u00e9hensibles ; la calligraphie et la peinture des p\u00e9riodes Muromachi \u00e0 Edo au Japon ; la po\u00e9sie de la dynastie Tang en Chine, puis celle de Bash\u014d, Ry\u014dkan et Ikky\u016b au Japon, et encore plus tard celle de Jim Harrison et Ada Lim\u00f3n aux \u00c9tats-Unis ; les \u00e9glises pr\u00e9-cruciformes de l\u2019Angleterre anglo-saxonne ; les exc\u00e8s int\u00e9rieurs de la fin de la Renaissance et imm\u00e9diatement apr\u00e8s ; les ombres de Junichir\u014d Tanizaki et du Caravage ; la transcendance de Bach, Mozart, Satie et Chopin (et plus qu\u2019un peu de Wagner) ; les \u00e9clats de mots polychromes de Borges ; et une \u00e9cologie toujours croissante de c\u00e9ramistes, musiciens, architectes, sculpteurs, peintres, po\u00e8tes et \u00e9crivains extraordinairement cr\u00e9atifs qui font du contemporain un lieu de vie si int\u00e9ressant et stimulant.<\/p>\n\n<p>Apr\u00e8s des ann\u00e9es pass\u00e9es ailleurs, je vis maintenant dans une France tr\u00e8s rurale, o\u00f9 je jardine, cuisine et \u00e9cris occasionnellement.<\/p>\n\n<p>Ancien membre de plusieurs conseils d\u2019administration, soci\u00e9t\u00e9s professionnelles, diverses cliques et confr\u00e9ries myst\u00e9rieuses, je ne suis d\u00e9sormais affili\u00e9 qu\u2019en tant que membre, Coll\u00e8ge 3, Institut pour les Savoir-Faire Fran\u00e7ais (anciennement L\u2019Institut National des M\u00e9tiers d\u2019Art), et membre, la Chambre de M\u00e9tiers et de l\u2019Artisanat Normandie, ce qui me semble apr\u00e8s tout, absolument suffisant.<\/p>\n","protected":false},"excerpt":{"rendered":"<p>Influences et Approche Approche Depuis mon atelier normand, je cr\u00e9e des c\u00e9ramiques qui invitent \u00e0 la fois \u00e0 l\u2019usage et \u00e0 la sp\u00e9culation. Qu\u2019il s\u2019agisse d\u2019un reliquaire, d\u2019un r\u00e9cipient, d\u2019un chawan ou d\u2019un artefact imaginaire, mes formes associent la pr\u00e9cision mat\u00e9rielle \u00e0 un int\u00e9r\u00eat soutenu pour le silence, l\u2019ambigu\u00eft\u00e9 et le temps profond. Ce qui [&hellip;]<\/p>\n","protected":false},"author":2,"featured_media":0,"parent":0,"menu_order":0,"comment_status":"closed","ping_status":"closed","template":"page-no-title","meta":{"footnotes":""},"class_list":["post-557","page","type-page","status-publish","hentry"],"_links":{"self":[{"href":"https:\/\/ateliertushu.fr\/fr\/wp-json\/wp\/v2\/pages\/557","targetHints":{"allow":["GET"]}}],"collection":[{"href":"https:\/\/ateliertushu.fr\/fr\/wp-json\/wp\/v2\/pages"}],"about":[{"href":"https:\/\/ateliertushu.fr\/fr\/wp-json\/wp\/v2\/types\/page"}],"author":[{"embeddable":true,"href":"https:\/\/ateliertushu.fr\/fr\/wp-json\/wp\/v2\/users\/2"}],"replies":[{"embeddable":true,"href":"https:\/\/ateliertushu.fr\/fr\/wp-json\/wp\/v2\/comments?post=557"}],"version-history":[{"count":1,"href":"https:\/\/ateliertushu.fr\/fr\/wp-json\/wp\/v2\/pages\/557\/revisions"}],"predecessor-version":[{"id":559,"href":"https:\/\/ateliertushu.fr\/fr\/wp-json\/wp\/v2\/pages\/557\/revisions\/559"}],"wp:attachment":[{"href":"https:\/\/ateliertushu.fr\/fr\/wp-json\/wp\/v2\/media?parent=557"}],"curies":[{"name":"wp","href":"https:\/\/api.w.org\/{rel}","templated":true}]}}