{"id":560,"date":"2024-10-23T15:25:31","date_gmt":"2024-10-23T15:25:31","guid":{"rendered":"https:\/\/ateliertushu.fr\/chronolithes\/"},"modified":"2026-04-15T08:07:18","modified_gmt":"2026-04-15T08:07:18","slug":"chronolithes","status":"publish","type":"page","link":"https:\/\/ateliertushu.fr\/fr\/chronolithes\/","title":{"rendered":"Chronolithes"},"content":{"rendered":"\n<h2 class=\"wp-block-heading has-text-align-center\">Chronolithes<\/h2>\n\n<figure class=\"wp-block-image aligncenter size-medium\"><img loading=\"lazy\" decoding=\"async\" width=\"225\" height=\"300\" src=\"https:\/\/ateliertushu.fr\/wp-content\/uploads\/2025\/08\/IMG_1964-225x300.jpeg\" alt=\"\" class=\"wp-image-267\" srcset=\"https:\/\/ateliertushu.fr\/wp-content\/uploads\/2025\/08\/IMG_1964-225x300.jpeg 225w, https:\/\/ateliertushu.fr\/wp-content\/uploads\/2025\/08\/IMG_1964.jpeg 480w\" sizes=\"auto, (max-width: 225px) 100vw, 225px\" \/><\/figure>\n\n<p class=\"has-text-align-center\">Les pierres implacables du Pal\u00e9olithique et du N\u00e9olithique\u2014<br\/>elles hantent depuis longtemps ma r\u00e9flexion sur la mati\u00e8re, les id\u00e9es, le temps.<\/p>\n\n<p class=\"has-text-align-center\">Autour d&rsquo;elles : marques, gravures, fragments.<br\/>Muettes. Ambig\u00fces. Non r\u00e9solues.<br\/>Une contr\u00e9e onirique du r\u00e9el.  <\/p>\n\n<p class=\"has-text-align-center\"><em>Chronolithes<\/em> prend forme dans cette absence.<br\/>Des pierres habitant un temps d\u00e9sancr\u00e9.<br\/>Notre histoire la plus profonde.<br\/>Notre futur \u00e0 peine imaginable.<\/p>\n\n<p class=\"has-text-align-center\">Premi\u00e8re exposition : 2026.<br\/><\/p>\n\n<p><\/p>\n\n<p class=\"has-text-align-center\"> <a href=\"https:\/\/chronoliths.com\">Chronolithes.com<\/a> pour plus d&rsquo;informations.<br\/><\/p>\n\n<p class=\"has-text-align-center\"><em><a href=\"https:\/\/ateliertushu.fr\/fr\/notes-de-terrain\/\" data-type=\"page\" data-id=\"400\">carnet de bord<\/a><\/em><\/p>\n\n<p><\/p>\n","protected":false},"excerpt":{"rendered":"<p>Chronolithes Les pierres implacables du Pal\u00e9olithique et du N\u00e9olithique\u2014elles hantent depuis longtemps ma r\u00e9flexion sur la mati\u00e8re, les id\u00e9es, le temps. Autour d&rsquo;elles : marques, gravures, fragments.Muettes. Ambig\u00fces. Non r\u00e9solues.Une contr\u00e9e onirique du r\u00e9el. Chronolithes prend forme dans cette absence.Des pierres habitant un temps d\u00e9sancr\u00e9.Notre histoire la plus profonde.Notre futur \u00e0 peine imaginable. Premi\u00e8re exposition [&hellip;]<\/p>\n","protected":false},"author":2,"featured_media":0,"parent":0,"menu_order":0,"comment_status":"closed","ping_status":"closed","template":"page-no-title","meta":{"footnotes":""},"class_list":["post-560","page","type-page","status-publish","hentry"],"_links":{"self":[{"href":"https:\/\/ateliertushu.fr\/fr\/wp-json\/wp\/v2\/pages\/560","targetHints":{"allow":["GET"]}}],"collection":[{"href":"https:\/\/ateliertushu.fr\/fr\/wp-json\/wp\/v2\/pages"}],"about":[{"href":"https:\/\/ateliertushu.fr\/fr\/wp-json\/wp\/v2\/types\/page"}],"author":[{"embeddable":true,"href":"https:\/\/ateliertushu.fr\/fr\/wp-json\/wp\/v2\/users\/2"}],"replies":[{"embeddable":true,"href":"https:\/\/ateliertushu.fr\/fr\/wp-json\/wp\/v2\/comments?post=560"}],"version-history":[{"count":1,"href":"https:\/\/ateliertushu.fr\/fr\/wp-json\/wp\/v2\/pages\/560\/revisions"}],"predecessor-version":[{"id":564,"href":"https:\/\/ateliertushu.fr\/fr\/wp-json\/wp\/v2\/pages\/560\/revisions\/564"}],"wp:attachment":[{"href":"https:\/\/ateliertushu.fr\/fr\/wp-json\/wp\/v2\/media?parent=560"}],"curies":[{"name":"wp","href":"https:\/\/api.w.org\/{rel}","templated":true}]}}