{"id":569,"date":"2025-03-27T13:11:19","date_gmt":"2025-03-27T13:11:19","guid":{"rendered":"https:\/\/ateliertushu.fr\/traces\/"},"modified":"2026-04-15T08:07:35","modified_gmt":"2026-04-15T08:07:35","slug":"traces","status":"publish","type":"page","link":"https:\/\/ateliertushu.fr\/fr\/traces\/","title":{"rendered":"Traces"},"content":{"rendered":"\n<h2 class=\"wp-block-heading\">Traces<\/h2>\n\n<p>Une trace n&rsquo;est rien de plus qu&rsquo;un murmure. Une suggestion. Une probabilit\u00e9. Peut-\u00eatre, une ombre. Mais ce n&rsquo;est pas la chose qu&rsquo;elle marque. Cette chose, si elle a jamais vraiment exist\u00e9, occupe un autre monde.<\/p>\n\n<p>Pourtant, et ainsi, les traces deviennent la chose elle-m\u00eame, un remplacement pour quelque chose de perdu. C&rsquo;est l&rsquo;histoire de l&rsquo;arch\u00e9ologie, de l&rsquo;histoire, de l&rsquo;anthropologie et de tous les efforts de ce type pour recr\u00e9er et expliquer des mondes contenus uniquement dans des artefacts vestigiaux. Tout cela est profond\u00e9ment compliqu\u00e9 par l&rsquo;introduction du langage, lui-m\u00eame une trace de processus mentaux aspirant \u00e0 la r\u00e9v\u00e9lation et \u00e0 l&rsquo;expression.<\/p>\n\n<p>Quand elles sont bien faites, aussi parfaitement que toute communication est imparfaite, ces traces fonctionnent comme des invitations. Les esprits et les mondes s&rsquo;ouvrent. Le don herm\u00e9tique est la communion.<\/p>\n\n<p>Ces petites collections de mots, fusionn\u00e9es avec l&rsquo;une des technologies les plus stables et persistantes de l&rsquo;humanit\u00e9, offrent une fa\u00e7on de r\u00e9fl\u00e9chir \u00e0 ce qui se passe lorsque ces traces deviennent encore plus r\u00e9elles que le monde qu&rsquo;elles \u00e9voquent.<\/p>\n\n<p>Ensemble, elles ont fourni une base partielle \u00e0 ma propre compr\u00e9hension et appr\u00e9ciation de ce monde. Leur clart\u00e9 et leur signification \u2014 parfois, comme ici, obscures et troubles \u2014 offrent un espoir durable. <\/p>\n\n<figure class=\"wp-block-image aligncenter size-large\"><img decoding=\"async\" src=\"https:\/\/ateliertushu.fr\/wp-content\/uploads\/2025\/03\/Traces-705x1024.jpeg\" alt=\"\" class=\"wp-image-240\"\/><\/figure>\n\n<figure class=\"wp-block-gallery has-nested-images columns-default is-cropped wp-block-gallery-1 is-layout-flex wp-block-gallery-is-layout-flex\">\n<figure class=\"wp-block-image size-large\"><img decoding=\"async\" data-id=\"242\" src=\"https:\/\/ateliertushu.fr\/wp-content\/uploads\/2025\/03\/IMG_1511-768x1024.jpeg\" alt=\"\" class=\"wp-image-242\"\/><\/figure>\n\n\n\n<figure class=\"wp-block-image size-large\"><img decoding=\"async\" data-id=\"241\" src=\"https:\/\/ateliertushu.fr\/wp-content\/uploads\/2025\/03\/IMG_1510-768x1024.jpeg\" alt=\"\" class=\"wp-image-241\"\/><\/figure>\n<\/figure>\n\n<p><strong>Liste des auteurs et de leurs mots<\/strong><\/p>\n\n<p><em>L&rsquo;illusion n&rsquo;est plus possible, parce que le r\u00e9el n&rsquo;est plus possible.<\/em><\/p>\n\n<p>\u2013 Jean Baudrillard<\/p>\n\n<p><em>Le h\u00fcz\u00fcn nous apporte du r\u00e9confort, adoucissant la vue comme la condensation sur la fen\u00eatre.<\/em><\/p>\n\n<p>\u2013 Orhan Pamuk, Istanbul<\/p>\n\n<p><em>La compr\u00e9hension na\u00eet de la r\u00e9duction d&rsquo;un type de r\u00e9alit\u00e9 \u00e0 un autre.<\/em><\/p>\n\n<p>\u2013 Claude L\u00e9vi-Strauss<\/p>\n\n<p><em>Partout o\u00f9 je voyage, la Gr\u00e8ce me blesse.<\/em><\/p>\n\n<p>\u2013 Seferis<\/p>\n\n<p><em>Ce monde de ros\u00e9e<br\/>est un monde de ros\u00e9e<br\/>et pourtant et pourtant&#8230;<\/em><\/p>\n\n<p>\u2013 Issa <\/p>\n\n<p><em>L&rsquo;homme, quand il cesse de dormir, est avant tout le jouet de sa m\u00e9moire.<\/em><\/p>\n\n<p>\u2013 Andr\u00e9 Breton<\/p>\n\n<p><em>Brisons l&rsquo;horrible coquille de la sagesse et jetons-nous, comme un fruit m\u00fbr de fiert\u00e9, dans la large bouche tordue du vent.<\/em><\/p>\n\n<p>\u2013 Tommaso Marinetti<\/p>\n\n<p><em>Et toi, toi qui peux te taire en quatre langues. Ton silence sera consid\u00e9r\u00e9 comme ton consentement.<\/em><\/p>\n\n<p>\u2013 Laurie Anderson<\/p>\n\n<p><em>Dans les soci\u00e9t\u00e9s o\u00f9 r\u00e8gnent les conditions modernes de production, toute la vie se pr\u00e9sente comme une immense accumulation de spectacles. Tout ce qui \u00e9tait directement v\u00e9cu s&rsquo;est \u00e9loign\u00e9 dans une repr\u00e9sentation.<\/em><\/p>\n\n<p>\u2013 Guy Debord<\/p>\n\n<p><em>Chantant seul dans un bosquet de bambous<br\/>Pincant un luth, sifflant<br\/>Au fond des bois<br\/>O\u00f9 je ne peux \u00eatre trouv\u00e9<br\/>La lune brillante luit sur moi.<\/em><\/p>\n\n<p>\u2013 Wang Wei<\/p>\n\n<p><em>Il y avait quelque chose dans le mot \u00ab pour toujours \u00bb qu&rsquo;ils pouvaient go\u00fbter. Ils pouvaient le sentir dans la fum\u00e9e s&rsquo;\u00e9chappant des chemin\u00e9es des nouvelles maisons de banlieue construites aux confins du monde\u2026 le souvenir \u00e9vanescent du poids d&rsquo;un seul \u00e9lan.<\/em><\/p>\n\n<p>\u2013 BK Loren<\/p>\n\n<p><em>Il y a mille et mille raisons de vivre cette vie, chacune d&rsquo;elles suffisante.<\/em><\/p>\n\n<p>\u2013 Marilynne Robinson<\/p>\n\n<p><em>Pas d&rsquo;\u0153il, d&rsquo;oreille, de nez, de langue, de corps, d&rsquo;esprit ;<br\/>pas de vue, de son, d&rsquo;odeur, de go\u00fbt, de toucher, ni d&rsquo;objet mental ;<br\/>pas de royaume de la vue, pas de royaume de la conscience ;<br\/>pas d&rsquo;ignorance, pas de fin \u00e0 l&rsquo;ignorance ;<br\/>pas de vieillesse et de mort,<br\/>pas de cessation de la vieillesse et de la mort ;<br\/>pas de souffrance, ni de cause ou de fin \u00e0 la souffrance ;<br\/>pas de chemin, pas de sagesse et pas de gain.<\/em><\/p>\n\n<p><em>Pas de gain \u2013 ainsi les Boddhisattvas vivent cette Prajna Paramita<br\/>sans entrave mentale \u2013<br\/>pas d&rsquo;entrave donc pas de peur.<\/em><\/p>\n\n<p><em>Bien au-del\u00e0 de toute illusion, le Nirvana est d\u00e9j\u00e0 l\u00e0.<\/em><\/p>\n\n<p>\u2013 Le S\u016btra du C\u0153ur<\/p>\n","protected":false},"excerpt":{"rendered":"<p>Traces Une trace n&rsquo;est rien de plus qu&rsquo;un murmure. Une suggestion. Une probabilit\u00e9. Peut-\u00eatre, une ombre. Mais ce n&rsquo;est pas la chose qu&rsquo;elle marque. Cette chose, si elle a jamais vraiment exist\u00e9, occupe un autre monde. Pourtant, et ainsi, les traces deviennent la chose elle-m\u00eame, un remplacement pour quelque chose de perdu. C&rsquo;est l&rsquo;histoire de [&hellip;]<\/p>\n","protected":false},"author":2,"featured_media":0,"parent":0,"menu_order":0,"comment_status":"closed","ping_status":"closed","template":"page-no-title","meta":{"footnotes":""},"class_list":["post-569","page","type-page","status-publish","hentry"],"_links":{"self":[{"href":"https:\/\/ateliertushu.fr\/fr\/wp-json\/wp\/v2\/pages\/569","targetHints":{"allow":["GET"]}}],"collection":[{"href":"https:\/\/ateliertushu.fr\/fr\/wp-json\/wp\/v2\/pages"}],"about":[{"href":"https:\/\/ateliertushu.fr\/fr\/wp-json\/wp\/v2\/types\/page"}],"author":[{"embeddable":true,"href":"https:\/\/ateliertushu.fr\/fr\/wp-json\/wp\/v2\/users\/2"}],"replies":[{"embeddable":true,"href":"https:\/\/ateliertushu.fr\/fr\/wp-json\/wp\/v2\/comments?post=569"}],"version-history":[{"count":1,"href":"https:\/\/ateliertushu.fr\/fr\/wp-json\/wp\/v2\/pages\/569\/revisions"}],"predecessor-version":[{"id":573,"href":"https:\/\/ateliertushu.fr\/fr\/wp-json\/wp\/v2\/pages\/569\/revisions\/573"}],"wp:attachment":[{"href":"https:\/\/ateliertushu.fr\/fr\/wp-json\/wp\/v2\/media?parent=569"}],"curies":[{"name":"wp","href":"https:\/\/api.w.org\/{rel}","templated":true}]}}