{"id":574,"date":"2024-10-22T17:08:33","date_gmt":"2024-10-22T17:08:33","guid":{"rendered":"https:\/\/ateliertushu.fr\/icare-donne-naissance-au-contemporain\/"},"modified":"2026-04-15T08:07:42","modified_gmt":"2026-04-15T08:07:42","slug":"icare-donne-naissance-au-contemporain","status":"publish","type":"page","link":"https:\/\/ateliertushu.fr\/fr\/icare-donne-naissance-au-contemporain\/","title":{"rendered":"Icare donne naissance au contemporain"},"content":{"rendered":"\n<h2 class=\"wp-block-heading\">Icare donne naissance au contemporain<\/h2>\n\n<p>Dans le mythe grec qui inspire ce projet, le jeune Icare, par\u00e9 d\u2019ailes de plumes \u2014 exultant de sa libert\u00e9 face \u00e0 la terre et aux r\u00e8gles divines \u2014 s\u2019envole trop pr\u00e8s du soleil. Son p\u00e8re, D\u00e9dale, le regarde s\u2019\u00e9craser au sol. Et il se souvient.  <\/p>\n\n<p>Alors que ce r\u00e9cit a \u00e9t\u00e9 interpr\u00e9t\u00e9 pendant quelques mill\u00e9naires comme l\u2019un des dangers de l\u2019hubris, le risque de s\u2019\u00e9lever (pour ainsi dire) au-dessus de sa condition, d\u2019oser aller et faire ce que seuls les dieux peuvent accomplir, cette \u0153uvre embrasse au contraire une vision alternative : la libert\u00e9 et le sentiment d\u2019opportunit\u00e9 et de gr\u00e2ce qu\u2019Icare a offerts \u00e0 l\u2019humanit\u00e9. Ce qu\u2019il a fait, et la mani\u00e8re dont il l\u2019a fait, constitue un moment de gen\u00e8se. L\u00e0 o\u00f9 nous n\u2019\u00e9tions que des suppliants clou\u00e9s au sol, nous sommes devenus (malgr\u00e9 les dangers) capables de bondir \u00e0 travers le ciel, d\u2019un arc allant d\u2019id\u00e9e en id\u00e9e. La descente enflamm\u00e9e d\u2019Icare dans la mer n\u2019\u00e9tait pas la fin. C\u2019\u00e9tait le d\u00e9but.     <\/p>\n\n<p><\/p>\n\n<figure class=\"wp-block-gallery has-nested-images columns-default is-cropped wp-block-gallery-1 is-layout-flex wp-block-gallery-is-layout-flex\">\n<figure class=\"wp-block-image size-large\"><img decoding=\"async\" data-id=\"113\" src=\"https:\/\/ateliertushu.fr\/wp-content\/uploads\/2024\/08\/icarus_angle-770x1024.jpg\" alt=\"\" class=\"wp-image-113\"\/><figcaption class=\"wp-element-caption\">Icare 1. 2024.  <br\/><br\/>25,2 x 15,5 x 8 cm<br\/><\/figcaption><\/figure>\n\n\n\n<figure class=\"wp-block-image size-large\"><img decoding=\"async\" data-id=\"200\" src=\"https:\/\/ateliertushu.fr\/wp-content\/uploads\/2024\/10\/IMG_1137-768x1024.jpeg\" alt=\"\" class=\"wp-image-200\"\/><figcaption class=\"wp-element-caption\">Icarus 2 (2024) 39 x 25,5 cm.<\/figcaption><\/figure>\n<\/figure>\n\n<p><\/p>\n\n<p>Gr\u00e8s. 2 pi\u00e8ces. Icare 1 (2024) 25,2 x 15,15 cm ; Icare 2 (2024) 39 x 25,5 cm.  <\/p>\n","protected":false},"excerpt":{"rendered":"<p>Icare donne naissance au contemporain Dans le mythe grec qui inspire ce projet, le jeune Icare, par\u00e9 d\u2019ailes de plumes \u2014 exultant de sa libert\u00e9 face \u00e0 la terre et aux r\u00e8gles divines \u2014 s\u2019envole trop pr\u00e8s du soleil. Son p\u00e8re, D\u00e9dale, le regarde s\u2019\u00e9craser au sol. Et il se souvient. Alors que ce r\u00e9cit [&hellip;]<\/p>\n","protected":false},"author":2,"featured_media":0,"parent":0,"menu_order":0,"comment_status":"closed","ping_status":"closed","template":"page-no-title","meta":{"footnotes":""},"class_list":["post-574","page","type-page","status-publish","hentry"],"_links":{"self":[{"href":"https:\/\/ateliertushu.fr\/fr\/wp-json\/wp\/v2\/pages\/574","targetHints":{"allow":["GET"]}}],"collection":[{"href":"https:\/\/ateliertushu.fr\/fr\/wp-json\/wp\/v2\/pages"}],"about":[{"href":"https:\/\/ateliertushu.fr\/fr\/wp-json\/wp\/v2\/types\/page"}],"author":[{"embeddable":true,"href":"https:\/\/ateliertushu.fr\/fr\/wp-json\/wp\/v2\/users\/2"}],"replies":[{"embeddable":true,"href":"https:\/\/ateliertushu.fr\/fr\/wp-json\/wp\/v2\/comments?post=574"}],"version-history":[{"count":1,"href":"https:\/\/ateliertushu.fr\/fr\/wp-json\/wp\/v2\/pages\/574\/revisions"}],"predecessor-version":[{"id":576,"href":"https:\/\/ateliertushu.fr\/fr\/wp-json\/wp\/v2\/pages\/574\/revisions\/576"}],"wp:attachment":[{"href":"https:\/\/ateliertushu.fr\/fr\/wp-json\/wp\/v2\/media?parent=574"}],"curies":[{"name":"wp","href":"https:\/\/api.w.org\/{rel}","templated":true}]}}